{"id":1995,"date":"2021-03-28T19:51:00","date_gmt":"2021-03-28T19:51:00","guid":{"rendered":"https:\/\/secrets-of-heaven.org\/secret-1\/"},"modified":"2021-05-04T19:21:52","modified_gmt":"2021-05-04T19:21:52","slug":"secret-1","status":"publish","type":"page","link":"https:\/\/secrets-of-heaven.org\/es\/secret-1\/","title":{"rendered":"Secreto 1"},"content":{"rendered":"\r\n<p class=\"has-drop-cap\">Estamos por encima de la superficie de tu mundo, pero tu entorno es tan transparente para nosotros como un estanque de peces poco profundo. Incluso mucho m\u00e1s, porque nosotros hemos vivido en ese estanque muchas veces; \u00a1cu\u00e1nto m\u00e1s sabemos! Si el pez tan solo pudiera escuchar los pensamientos de los observadores que hay por encima de su dominio, podr\u00eda aprender de todo lo dem\u00e1s: de los \u00e1rboles y el cielo, de las flores, de la fuente del agua que alimenta su estanque y del destino de la que escapa de \u00e9l. Lo mismo sucede para ti. Puedes aprender lo que est\u00e1 m\u00e1s all\u00e1 de tu \u00e1mbito, porque, como los peces, vives en todo un universo, no en un peque\u00f1o estanque. Aunque el pez puede pasar toda su vida en un lugar muy peque\u00f1o, nada en el universo entero, con el cielo y las estrellas por encima y tambi\u00e9n por debajo. \u00bfNo es esto igualmente cierto para ti?<\/p>\r\n\r\n\r\n\r\n<figure class=\"wp-block-table is-style-stripes\"><table><tbody><tr><td width=33% class=\"has-text-align-center\" data-align=\"center\"><\/td><td width=33% class=\"has-text-align-center\" data-align=\"center\"><a href=\"\/es\/\">Inicio<\/a><\/td><td class=\"has-text-align-center\" data-align=\"center\"><a class=\"arrow next\" href=\"\/es\/secret-2\">&nbsp;&nbsp;&nbsp;&nbsp;&nbsp;&nbsp;&nbsp;<\/a><\/td><\/tr>\r\n<tr><td width=33% class=\"has-text-align-center\" data-align=\"center\"><\/td><td><\/td><td class=\"has-text-align-center\" data-align=\"center\">pr\u00f3ximo<\/td><\/tr><\/tbody><\/table><\/figure>\r\n\r\n","protected":false},"excerpt":{"rendered":"<p>Estamos por encima de la superficie de tu mundo, pero tu entorno es tan transparente para nosotros como un estanque de peces poco profundo. Incluso mucho m\u00e1s, porque nosotros hemos vivido en ese estanque muchas veces; \u00a1cu\u00e1nto m\u00e1s sabemos! Si el pez tan solo pudiera escuchar los pensamientos de los observadores que hay por encima&hellip; <a class=\"more-link\" href=\"https:\/\/secrets-of-heaven.org\/es\/secret-1\/\">Seguir leyendo <span class=\"screen-reader-text\">Secreto 1<\/span><\/a><\/p>\n","protected":false},"author":1,"featured_media":1996,"parent":0,"menu_order":0,"comment_status":"open","ping_status":"closed","template":"","meta":{"footnotes":""},"class_list":["post-1995","page","type-page","status-publish","has-post-thumbnail","hentry","entry"],"yoast_head":"<!-- This site is optimized with the Yoast SEO plugin v27.6 - https:\/\/yoast.com\/product\/yoast-seo-wordpress\/ -->\n<title>Secreto 1 - Secretos del Cielo<\/title>\n<meta name=\"description\" content=\"Secretos del Cielo es el comienzo de una comunicaci\u00f3n directa de Dios al coraz\u00f3n de la Creaci\u00f3n en cada uno de nosotros. Recibido por Marshall Vian Summers.\" \/>\n<meta name=\"robots\" content=\"index, follow, max-snippet:-1, max-image-preview:large, max-video-preview:-1\" \/>\n<link rel=\"canonical\" href=\"https:\/\/secrets-of-heaven.org\/es\/secret-1\/\" \/>\n<meta property=\"og:locale\" content=\"es_ES\" \/>\n<meta property=\"og:type\" content=\"article\" \/>\n<meta property=\"og:title\" content=\"Secreto 1 - Secretos del Cielo\" \/>\n<meta property=\"og:description\" content=\"Secretos del Cielo es el comienzo de una comunicaci\u00f3n directa de Dios al coraz\u00f3n de la Creaci\u00f3n en cada uno de nosotros. Recibido por Marshall Vian Summers.\" \/>\n<meta property=\"og:url\" content=\"https:\/\/secrets-of-heaven.org\/es\/secret-1\/\" \/>\n<meta property=\"og:site_name\" content=\"Secretos del Cielo\" \/>\n<meta property=\"article:modified_time\" content=\"2021-05-04T19:21:52+00:00\" \/>\n<meta property=\"og:image\" content=\"https:\/\/secrets-of-heaven.org\/wp-content\/uploads\/2021\/03\/secrets-of-heaven.png\" \/>\n\t<meta property=\"og:image:width\" content=\"626\" \/>\n\t<meta property=\"og:image:height\" content=\"1000\" \/>\n\t<meta property=\"og:image:type\" content=\"image\/png\" \/>\n<meta name=\"twitter:card\" content=\"summary_large_image\" \/>\n<meta name=\"twitter:image\" content=\"https:\/\/secrets-of-heaven.org\/wp-content\/uploads\/2021\/03\/secrets-of-heaven.png\" \/>\n<meta name=\"twitter:label1\" content=\"Tiempo de lectura\" \/>\n\t<meta name=\"twitter:data1\" content=\"1 minuto\" \/>\n<script type=\"application\/ld+json\" class=\"yoast-schema-graph\">{\"@context\":\"https:\\\/\\\/schema.org\",\"@graph\":[{\"@type\":\"WebPage\",\"@id\":\"https:\\\/\\\/secrets-of-heaven.org\\\/es\\\/secret-1\\\/\",\"url\":\"https:\\\/\\\/secrets-of-heaven.org\\\/es\\\/secret-1\\\/\",\"name\":\"Secreto 1 - Secretos del Cielo\",\"isPartOf\":{\"@id\":\"https:\\\/\\\/secrets-of-heaven.org\\\/es\\\/#website\"},\"primaryImageOfPage\":{\"@id\":\"https:\\\/\\\/secrets-of-heaven.org\\\/es\\\/secret-1\\\/#primaryimage\"},\"image\":{\"@id\":\"https:\\\/\\\/secrets-of-heaven.org\\\/es\\\/secret-1\\\/#primaryimage\"},\"thumbnailUrl\":\"https:\\\/\\\/secrets-of-heaven.org\\\/wp-content\\\/uploads\\\/2021\\\/03\\\/header-w-diamond-orange.jpg\",\"datePublished\":\"2021-03-28T19:51:00+00:00\",\"dateModified\":\"2021-05-04T19:21:52+00:00\",\"description\":\"Secretos del Cielo es el comienzo de una comunicaci\u00f3n directa de Dios al coraz\u00f3n de la Creaci\u00f3n en cada uno de nosotros. Recibido por Marshall Vian Summers.\",\"breadcrumb\":{\"@id\":\"https:\\\/\\\/secrets-of-heaven.org\\\/es\\\/secret-1\\\/#breadcrumb\"},\"inLanguage\":\"es\",\"potentialAction\":[{\"@type\":\"ReadAction\",\"target\":[\"https:\\\/\\\/secrets-of-heaven.org\\\/es\\\/secret-1\\\/\"]}]},{\"@type\":\"ImageObject\",\"inLanguage\":\"es\",\"@id\":\"https:\\\/\\\/secrets-of-heaven.org\\\/es\\\/secret-1\\\/#primaryimage\",\"url\":\"https:\\\/\\\/secrets-of-heaven.org\\\/wp-content\\\/uploads\\\/2021\\\/03\\\/header-w-diamond-orange.jpg\",\"contentUrl\":\"https:\\\/\\\/secrets-of-heaven.org\\\/wp-content\\\/uploads\\\/2021\\\/03\\\/header-w-diamond-orange.jpg\",\"width\":1058,\"height\":79},{\"@type\":\"BreadcrumbList\",\"@id\":\"https:\\\/\\\/secrets-of-heaven.org\\\/es\\\/secret-1\\\/#breadcrumb\",\"itemListElement\":[{\"@type\":\"ListItem\",\"position\":1,\"name\":\"Home\",\"item\":\"https:\\\/\\\/secrets-of-heaven.org\\\/es\\\/\"},{\"@type\":\"ListItem\",\"position\":2,\"name\":\"Secreto 1\"}]},{\"@type\":\"WebSite\",\"@id\":\"https:\\\/\\\/secrets-of-heaven.org\\\/es\\\/#website\",\"url\":\"https:\\\/\\\/secrets-of-heaven.org\\\/es\\\/\",\"name\":\"Secretos del Cielo\",\"description\":\"ense\u00f1anzas misteriosas de los \u00e1ngeles\",\"publisher\":{\"@id\":\"https:\\\/\\\/secrets-of-heaven.org\\\/es\\\/#organization\"},\"potentialAction\":[{\"@type\":\"SearchAction\",\"target\":{\"@type\":\"EntryPoint\",\"urlTemplate\":\"https:\\\/\\\/secrets-of-heaven.org\\\/es\\\/?s={search_term_string}\"},\"query-input\":{\"@type\":\"PropertyValueSpecification\",\"valueRequired\":true,\"valueName\":\"search_term_string\"}}],\"inLanguage\":\"es\"},{\"@type\":\"Organization\",\"@id\":\"https:\\\/\\\/secrets-of-heaven.org\\\/es\\\/#organization\",\"name\":\"Secretos del Cielo\",\"url\":\"https:\\\/\\\/secrets-of-heaven.org\\\/es\\\/\",\"logo\":{\"@type\":\"ImageObject\",\"inLanguage\":\"es\",\"@id\":\"https:\\\/\\\/secrets-of-heaven.org\\\/es\\\/#\\\/schema\\\/logo\\\/image\\\/\",\"url\":\"https:\\\/\\\/secrets-of-heaven.org\\\/wp-content\\\/uploads\\\/2021\\\/03\\\/secrets-twitter.png\",\"contentUrl\":\"https:\\\/\\\/secrets-of-heaven.org\\\/wp-content\\\/uploads\\\/2021\\\/03\\\/secrets-twitter.png\",\"width\":1158,\"height\":682,\"caption\":\"Secretos del Cielo\"},\"image\":{\"@id\":\"https:\\\/\\\/secrets-of-heaven.org\\\/es\\\/#\\\/schema\\\/logo\\\/image\\\/\"}}]}<\/script>\n<!-- \/ Yoast SEO plugin. -->","yoast_head_json":{"title":"Secreto 1 - Secretos del Cielo","description":"Secretos del Cielo es el comienzo de una comunicaci\u00f3n directa de Dios al coraz\u00f3n de la Creaci\u00f3n en cada uno de nosotros. Recibido por Marshall Vian Summers.","robots":{"index":"index","follow":"follow","max-snippet":"max-snippet:-1","max-image-preview":"max-image-preview:large","max-video-preview":"max-video-preview:-1"},"canonical":"https:\/\/secrets-of-heaven.org\/es\/secret-1\/","og_locale":"es_ES","og_type":"article","og_title":"Secreto 1 - Secretos del Cielo","og_description":"Secretos del Cielo es el comienzo de una comunicaci\u00f3n directa de Dios al coraz\u00f3n de la Creaci\u00f3n en cada uno de nosotros. Recibido por Marshall Vian Summers.","og_url":"https:\/\/secrets-of-heaven.org\/es\/secret-1\/","og_site_name":"Secretos del Cielo","article_modified_time":"2021-05-04T19:21:52+00:00","og_image":[{"width":626,"height":1000,"url":"https:\/\/secrets-of-heaven.org\/wp-content\/uploads\/2021\/03\/secrets-of-heaven.png","type":"image\/png"}],"twitter_card":"summary_large_image","twitter_image":"https:\/\/secrets-of-heaven.org\/wp-content\/uploads\/2021\/03\/secrets-of-heaven.png","twitter_misc":{"Tiempo de lectura":"1 minuto"},"schema":{"@context":"https:\/\/schema.org","@graph":[{"@type":"WebPage","@id":"https:\/\/secrets-of-heaven.org\/es\/secret-1\/","url":"https:\/\/secrets-of-heaven.org\/es\/secret-1\/","name":"Secreto 1 - Secretos del Cielo","isPartOf":{"@id":"https:\/\/secrets-of-heaven.org\/es\/#website"},"primaryImageOfPage":{"@id":"https:\/\/secrets-of-heaven.org\/es\/secret-1\/#primaryimage"},"image":{"@id":"https:\/\/secrets-of-heaven.org\/es\/secret-1\/#primaryimage"},"thumbnailUrl":"https:\/\/secrets-of-heaven.org\/wp-content\/uploads\/2021\/03\/header-w-diamond-orange.jpg","datePublished":"2021-03-28T19:51:00+00:00","dateModified":"2021-05-04T19:21:52+00:00","description":"Secretos del Cielo es el comienzo de una comunicaci\u00f3n directa de Dios al coraz\u00f3n de la Creaci\u00f3n en cada uno de nosotros. Recibido por Marshall Vian Summers.","breadcrumb":{"@id":"https:\/\/secrets-of-heaven.org\/es\/secret-1\/#breadcrumb"},"inLanguage":"es","potentialAction":[{"@type":"ReadAction","target":["https:\/\/secrets-of-heaven.org\/es\/secret-1\/"]}]},{"@type":"ImageObject","inLanguage":"es","@id":"https:\/\/secrets-of-heaven.org\/es\/secret-1\/#primaryimage","url":"https:\/\/secrets-of-heaven.org\/wp-content\/uploads\/2021\/03\/header-w-diamond-orange.jpg","contentUrl":"https:\/\/secrets-of-heaven.org\/wp-content\/uploads\/2021\/03\/header-w-diamond-orange.jpg","width":1058,"height":79},{"@type":"BreadcrumbList","@id":"https:\/\/secrets-of-heaven.org\/es\/secret-1\/#breadcrumb","itemListElement":[{"@type":"ListItem","position":1,"name":"Home","item":"https:\/\/secrets-of-heaven.org\/es\/"},{"@type":"ListItem","position":2,"name":"Secreto 1"}]},{"@type":"WebSite","@id":"https:\/\/secrets-of-heaven.org\/es\/#website","url":"https:\/\/secrets-of-heaven.org\/es\/","name":"Secretos del Cielo","description":"ense\u00f1anzas misteriosas de los \u00e1ngeles","publisher":{"@id":"https:\/\/secrets-of-heaven.org\/es\/#organization"},"potentialAction":[{"@type":"SearchAction","target":{"@type":"EntryPoint","urlTemplate":"https:\/\/secrets-of-heaven.org\/es\/?s={search_term_string}"},"query-input":{"@type":"PropertyValueSpecification","valueRequired":true,"valueName":"search_term_string"}}],"inLanguage":"es"},{"@type":"Organization","@id":"https:\/\/secrets-of-heaven.org\/es\/#organization","name":"Secretos del Cielo","url":"https:\/\/secrets-of-heaven.org\/es\/","logo":{"@type":"ImageObject","inLanguage":"es","@id":"https:\/\/secrets-of-heaven.org\/es\/#\/schema\/logo\/image\/","url":"https:\/\/secrets-of-heaven.org\/wp-content\/uploads\/2021\/03\/secrets-twitter.png","contentUrl":"https:\/\/secrets-of-heaven.org\/wp-content\/uploads\/2021\/03\/secrets-twitter.png","width":1158,"height":682,"caption":"Secretos del Cielo"},"image":{"@id":"https:\/\/secrets-of-heaven.org\/es\/#\/schema\/logo\/image\/"}}]}},"_links":{"self":[{"href":"https:\/\/secrets-of-heaven.org\/es\/wp-json\/wp\/v2\/pages\/1995","targetHints":{"allow":["GET"]}}],"collection":[{"href":"https:\/\/secrets-of-heaven.org\/es\/wp-json\/wp\/v2\/pages"}],"about":[{"href":"https:\/\/secrets-of-heaven.org\/es\/wp-json\/wp\/v2\/types\/page"}],"author":[{"embeddable":true,"href":"https:\/\/secrets-of-heaven.org\/es\/wp-json\/wp\/v2\/users\/1"}],"replies":[{"embeddable":true,"href":"https:\/\/secrets-of-heaven.org\/es\/wp-json\/wp\/v2\/comments?post=1995"}],"version-history":[{"count":4,"href":"https:\/\/secrets-of-heaven.org\/es\/wp-json\/wp\/v2\/pages\/1995\/revisions"}],"predecessor-version":[{"id":2025,"href":"https:\/\/secrets-of-heaven.org\/es\/wp-json\/wp\/v2\/pages\/1995\/revisions\/2025"}],"wp:featuredmedia":[{"embeddable":true,"href":"https:\/\/secrets-of-heaven.org\/es\/wp-json\/wp\/v2\/media\/1996"}],"wp:attachment":[{"href":"https:\/\/secrets-of-heaven.org\/es\/wp-json\/wp\/v2\/media?parent=1995"}],"curies":[{"name":"wp","href":"https:\/\/api.w.org\/{rel}","templated":true}]}}