{"id":2164,"date":"2021-03-30T16:39:15","date_gmt":"2021-03-30T16:39:15","guid":{"rendered":"https:\/\/secrets-of-heaven.org\/secret-76\/"},"modified":"2021-05-10T16:12:01","modified_gmt":"2021-05-10T16:12:01","slug":"secret-76","status":"publish","type":"page","link":"https:\/\/secrets-of-heaven.org\/es\/secret-76\/","title":{"rendered":"Secreto 76"},"content":{"rendered":"\r\n<p class=\"has-drop-cap\">Dinos, \u00bfqu\u00e9 es lo que t\u00fa sabes? Ver\u00e1s, si respondi\u00e9ramos a tus preguntas, dir\u00edas: \u201cMis Maestros dijeron esto y dijeron aquello, y mis Maestros me dijeron que hiciera esto, y yo no quiero hacerlo\u201d. Y entonces ser\u00eda el problema de tus Maestros. \u00bfQu\u00e9 es lo que t\u00fa sabes?<\/p>\r\n\r\n\r\n\r\n\r\n<figure class=\"wp-block-table is-style-stripes\"><table><tbody><tr><td width=33% class=\"has-text-align-center\" data-align=\"center\"><a class=\"arrow previous\" href=\"\/es\/secret-75\">&nbsp;&nbsp;&nbsp;&nbsp;&nbsp;&nbsp;&nbsp;<\/a><\/td><td width=33% class=\"has-text-align-center\" data-align=\"center\"><a href=\"..\/\">Inicio<\/a><\/td><td class=\"has-text-align-center\" data-align=\"center\"><a class=\"arrow next\" href=\"\/es\/secret-77\">&nbsp;&nbsp;&nbsp;&nbsp;&nbsp;&nbsp;&nbsp;<\/a><\/td><\/tr>\r\n<tr><td width=33% class=\"has-text-align-center\" data-align=\"center\">anterior<\/td><td><\/td><td class=\"has-text-align-center\" data-align=\"center\">pr\u00f3ximo<\/td><\/tr><\/tbody><\/table><\/figure>\r\n\r\n","protected":false},"excerpt":{"rendered":"<p>Dinos, \u00bfqu\u00e9 es lo que t\u00fa sabes? Ver\u00e1s, si respondi\u00e9ramos a tus preguntas, dir\u00edas: \u201cMis Maestros dijeron esto y dijeron aquello, y mis Maestros me dijeron que hiciera esto, y yo no quiero hacerlo\u201d. Y entonces ser\u00eda el problema de tus Maestros. \u00bfQu\u00e9 es lo que t\u00fa sabes? &nbsp;&nbsp;&nbsp;&nbsp;&nbsp;&nbsp;&nbsp; Inicio &nbsp;&nbsp;&nbsp;&nbsp;&nbsp;&nbsp;&nbsp; anterior pr\u00f3ximo<\/p>\n","protected":false},"author":1,"featured_media":1996,"parent":0,"menu_order":0,"comment_status":"open","ping_status":"closed","template":"","meta":{"footnotes":""},"class_list":["post-2164","page","type-page","status-publish","has-post-thumbnail","hentry","entry"],"yoast_head":"<!-- This site is optimized with the Yoast SEO plugin v27.6 - https:\/\/yoast.com\/product\/yoast-seo-wordpress\/ -->\n<title>Secreto 76 - Secretos del Cielo<\/title>\n<meta name=\"description\" content=\"Secretos del Cielo es el comienzo de una comunicaci\u00f3n directa de Dios al coraz\u00f3n de la Creaci\u00f3n en cada uno de nosotros. Recibido por Marshall Vian Summers.\" \/>\n<meta name=\"robots\" content=\"index, follow, max-snippet:-1, max-image-preview:large, max-video-preview:-1\" \/>\n<link rel=\"canonical\" href=\"https:\/\/secrets-of-heaven.org\/es\/secret-76\/\" \/>\n<meta property=\"og:locale\" content=\"es_ES\" \/>\n<meta property=\"og:type\" content=\"article\" \/>\n<meta property=\"og:title\" content=\"Secreto 76 - Secretos del Cielo\" \/>\n<meta property=\"og:description\" content=\"Secretos del Cielo es el comienzo de una comunicaci\u00f3n directa de Dios al coraz\u00f3n de la Creaci\u00f3n en cada uno de nosotros. Recibido por Marshall Vian Summers.\" \/>\n<meta property=\"og:url\" content=\"https:\/\/secrets-of-heaven.org\/es\/secret-76\/\" \/>\n<meta property=\"og:site_name\" content=\"Secretos del Cielo\" \/>\n<meta property=\"article:modified_time\" content=\"2021-05-10T16:12:01+00:00\" \/>\n<meta property=\"og:image\" content=\"https:\/\/secrets-of-heaven.org\/wp-content\/uploads\/2021\/03\/secrets-of-heaven.jpg\" \/>\n\t<meta property=\"og:image:width\" content=\"626\" \/>\n\t<meta property=\"og:image:height\" content=\"1000\" \/>\n\t<meta property=\"og:image:type\" content=\"image\/jpeg\" \/>\n<meta name=\"twitter:card\" content=\"summary_large_image\" \/>\n<meta name=\"twitter:image\" content=\"https:\/\/secrets-of-heaven.org\/wp-content\/uploads\/2021\/03\/secrets-of-heaven.jpg\" \/>\n<meta name=\"twitter:label1\" content=\"Tiempo de lectura\" \/>\n\t<meta name=\"twitter:data1\" content=\"1 minuto\" \/>\n<script type=\"application\/ld+json\" class=\"yoast-schema-graph\">{\"@context\":\"https:\\\/\\\/schema.org\",\"@graph\":[{\"@type\":\"WebPage\",\"@id\":\"https:\\\/\\\/secrets-of-heaven.org\\\/es\\\/secret-76\\\/\",\"url\":\"https:\\\/\\\/secrets-of-heaven.org\\\/es\\\/secret-76\\\/\",\"name\":\"Secreto 76 - Secretos del Cielo\",\"isPartOf\":{\"@id\":\"https:\\\/\\\/secrets-of-heaven.org\\\/es\\\/#website\"},\"primaryImageOfPage\":{\"@id\":\"https:\\\/\\\/secrets-of-heaven.org\\\/es\\\/secret-76\\\/#primaryimage\"},\"image\":{\"@id\":\"https:\\\/\\\/secrets-of-heaven.org\\\/es\\\/secret-76\\\/#primaryimage\"},\"thumbnailUrl\":\"https:\\\/\\\/secrets-of-heaven.org\\\/wp-content\\\/uploads\\\/2021\\\/03\\\/header-w-diamond-orange.jpg\",\"datePublished\":\"2021-03-30T16:39:15+00:00\",\"dateModified\":\"2021-05-10T16:12:01+00:00\",\"description\":\"Secretos del Cielo es el comienzo de una comunicaci\u00f3n directa de Dios al coraz\u00f3n de la Creaci\u00f3n en cada uno de nosotros. Recibido por Marshall Vian Summers.\",\"breadcrumb\":{\"@id\":\"https:\\\/\\\/secrets-of-heaven.org\\\/es\\\/secret-76\\\/#breadcrumb\"},\"inLanguage\":\"es\",\"potentialAction\":[{\"@type\":\"ReadAction\",\"target\":[\"https:\\\/\\\/secrets-of-heaven.org\\\/es\\\/secret-76\\\/\"]}]},{\"@type\":\"ImageObject\",\"inLanguage\":\"es\",\"@id\":\"https:\\\/\\\/secrets-of-heaven.org\\\/es\\\/secret-76\\\/#primaryimage\",\"url\":\"https:\\\/\\\/secrets-of-heaven.org\\\/wp-content\\\/uploads\\\/2021\\\/03\\\/header-w-diamond-orange.jpg\",\"contentUrl\":\"https:\\\/\\\/secrets-of-heaven.org\\\/wp-content\\\/uploads\\\/2021\\\/03\\\/header-w-diamond-orange.jpg\",\"width\":1058,\"height\":79},{\"@type\":\"BreadcrumbList\",\"@id\":\"https:\\\/\\\/secrets-of-heaven.org\\\/es\\\/secret-76\\\/#breadcrumb\",\"itemListElement\":[{\"@type\":\"ListItem\",\"position\":1,\"name\":\"Home\",\"item\":\"https:\\\/\\\/secrets-of-heaven.org\\\/es\\\/\"},{\"@type\":\"ListItem\",\"position\":2,\"name\":\"Secreto 76\"}]},{\"@type\":\"WebSite\",\"@id\":\"https:\\\/\\\/secrets-of-heaven.org\\\/es\\\/#website\",\"url\":\"https:\\\/\\\/secrets-of-heaven.org\\\/es\\\/\",\"name\":\"Secretos del Cielo\",\"description\":\"ense\u00f1anzas misteriosas de los \u00e1ngeles\",\"publisher\":{\"@id\":\"https:\\\/\\\/secrets-of-heaven.org\\\/es\\\/#organization\"},\"potentialAction\":[{\"@type\":\"SearchAction\",\"target\":{\"@type\":\"EntryPoint\",\"urlTemplate\":\"https:\\\/\\\/secrets-of-heaven.org\\\/es\\\/?s={search_term_string}\"},\"query-input\":{\"@type\":\"PropertyValueSpecification\",\"valueRequired\":true,\"valueName\":\"search_term_string\"}}],\"inLanguage\":\"es\"},{\"@type\":\"Organization\",\"@id\":\"https:\\\/\\\/secrets-of-heaven.org\\\/es\\\/#organization\",\"name\":\"Secretos del Cielo\",\"url\":\"https:\\\/\\\/secrets-of-heaven.org\\\/es\\\/\",\"logo\":{\"@type\":\"ImageObject\",\"inLanguage\":\"es\",\"@id\":\"https:\\\/\\\/secrets-of-heaven.org\\\/es\\\/#\\\/schema\\\/logo\\\/image\\\/\",\"url\":\"https:\\\/\\\/secrets-of-heaven.org\\\/wp-content\\\/uploads\\\/2021\\\/03\\\/secrets-twitter.png\",\"contentUrl\":\"https:\\\/\\\/secrets-of-heaven.org\\\/wp-content\\\/uploads\\\/2021\\\/03\\\/secrets-twitter.png\",\"width\":1158,\"height\":682,\"caption\":\"Secretos del Cielo\"},\"image\":{\"@id\":\"https:\\\/\\\/secrets-of-heaven.org\\\/es\\\/#\\\/schema\\\/logo\\\/image\\\/\"}}]}<\/script>\n<!-- \/ Yoast SEO plugin. -->","yoast_head_json":{"title":"Secreto 76 - Secretos del Cielo","description":"Secretos del Cielo es el comienzo de una comunicaci\u00f3n directa de Dios al coraz\u00f3n de la Creaci\u00f3n en cada uno de nosotros. Recibido por Marshall Vian Summers.","robots":{"index":"index","follow":"follow","max-snippet":"max-snippet:-1","max-image-preview":"max-image-preview:large","max-video-preview":"max-video-preview:-1"},"canonical":"https:\/\/secrets-of-heaven.org\/es\/secret-76\/","og_locale":"es_ES","og_type":"article","og_title":"Secreto 76 - Secretos del Cielo","og_description":"Secretos del Cielo es el comienzo de una comunicaci\u00f3n directa de Dios al coraz\u00f3n de la Creaci\u00f3n en cada uno de nosotros. Recibido por Marshall Vian Summers.","og_url":"https:\/\/secrets-of-heaven.org\/es\/secret-76\/","og_site_name":"Secretos del Cielo","article_modified_time":"2021-05-10T16:12:01+00:00","og_image":[{"width":626,"height":1000,"url":"https:\/\/secrets-of-heaven.org\/wp-content\/uploads\/2021\/03\/secrets-of-heaven.jpg","type":"image\/jpeg"}],"twitter_card":"summary_large_image","twitter_image":"https:\/\/secrets-of-heaven.org\/wp-content\/uploads\/2021\/03\/secrets-of-heaven.jpg","twitter_misc":{"Tiempo de lectura":"1 minuto"},"schema":{"@context":"https:\/\/schema.org","@graph":[{"@type":"WebPage","@id":"https:\/\/secrets-of-heaven.org\/es\/secret-76\/","url":"https:\/\/secrets-of-heaven.org\/es\/secret-76\/","name":"Secreto 76 - Secretos del Cielo","isPartOf":{"@id":"https:\/\/secrets-of-heaven.org\/es\/#website"},"primaryImageOfPage":{"@id":"https:\/\/secrets-of-heaven.org\/es\/secret-76\/#primaryimage"},"image":{"@id":"https:\/\/secrets-of-heaven.org\/es\/secret-76\/#primaryimage"},"thumbnailUrl":"https:\/\/secrets-of-heaven.org\/wp-content\/uploads\/2021\/03\/header-w-diamond-orange.jpg","datePublished":"2021-03-30T16:39:15+00:00","dateModified":"2021-05-10T16:12:01+00:00","description":"Secretos del Cielo es el comienzo de una comunicaci\u00f3n directa de Dios al coraz\u00f3n de la Creaci\u00f3n en cada uno de nosotros. Recibido por Marshall Vian Summers.","breadcrumb":{"@id":"https:\/\/secrets-of-heaven.org\/es\/secret-76\/#breadcrumb"},"inLanguage":"es","potentialAction":[{"@type":"ReadAction","target":["https:\/\/secrets-of-heaven.org\/es\/secret-76\/"]}]},{"@type":"ImageObject","inLanguage":"es","@id":"https:\/\/secrets-of-heaven.org\/es\/secret-76\/#primaryimage","url":"https:\/\/secrets-of-heaven.org\/wp-content\/uploads\/2021\/03\/header-w-diamond-orange.jpg","contentUrl":"https:\/\/secrets-of-heaven.org\/wp-content\/uploads\/2021\/03\/header-w-diamond-orange.jpg","width":1058,"height":79},{"@type":"BreadcrumbList","@id":"https:\/\/secrets-of-heaven.org\/es\/secret-76\/#breadcrumb","itemListElement":[{"@type":"ListItem","position":1,"name":"Home","item":"https:\/\/secrets-of-heaven.org\/es\/"},{"@type":"ListItem","position":2,"name":"Secreto 76"}]},{"@type":"WebSite","@id":"https:\/\/secrets-of-heaven.org\/es\/#website","url":"https:\/\/secrets-of-heaven.org\/es\/","name":"Secretos del Cielo","description":"ense\u00f1anzas misteriosas de los \u00e1ngeles","publisher":{"@id":"https:\/\/secrets-of-heaven.org\/es\/#organization"},"potentialAction":[{"@type":"SearchAction","target":{"@type":"EntryPoint","urlTemplate":"https:\/\/secrets-of-heaven.org\/es\/?s={search_term_string}"},"query-input":{"@type":"PropertyValueSpecification","valueRequired":true,"valueName":"search_term_string"}}],"inLanguage":"es"},{"@type":"Organization","@id":"https:\/\/secrets-of-heaven.org\/es\/#organization","name":"Secretos del Cielo","url":"https:\/\/secrets-of-heaven.org\/es\/","logo":{"@type":"ImageObject","inLanguage":"es","@id":"https:\/\/secrets-of-heaven.org\/es\/#\/schema\/logo\/image\/","url":"https:\/\/secrets-of-heaven.org\/wp-content\/uploads\/2021\/03\/secrets-twitter.png","contentUrl":"https:\/\/secrets-of-heaven.org\/wp-content\/uploads\/2021\/03\/secrets-twitter.png","width":1158,"height":682,"caption":"Secretos del Cielo"},"image":{"@id":"https:\/\/secrets-of-heaven.org\/es\/#\/schema\/logo\/image\/"}}]}},"_links":{"self":[{"href":"https:\/\/secrets-of-heaven.org\/es\/wp-json\/wp\/v2\/pages\/2164","targetHints":{"allow":["GET"]}}],"collection":[{"href":"https:\/\/secrets-of-heaven.org\/es\/wp-json\/wp\/v2\/pages"}],"about":[{"href":"https:\/\/secrets-of-heaven.org\/es\/wp-json\/wp\/v2\/types\/page"}],"author":[{"embeddable":true,"href":"https:\/\/secrets-of-heaven.org\/es\/wp-json\/wp\/v2\/users\/1"}],"replies":[{"embeddable":true,"href":"https:\/\/secrets-of-heaven.org\/es\/wp-json\/wp\/v2\/comments?post=2164"}],"version-history":[{"count":1,"href":"https:\/\/secrets-of-heaven.org\/es\/wp-json\/wp\/v2\/pages\/2164\/revisions"}],"predecessor-version":[{"id":2165,"href":"https:\/\/secrets-of-heaven.org\/es\/wp-json\/wp\/v2\/pages\/2164\/revisions\/2165"}],"wp:featuredmedia":[{"embeddable":true,"href":"https:\/\/secrets-of-heaven.org\/es\/wp-json\/wp\/v2\/media\/1996"}],"wp:attachment":[{"href":"https:\/\/secrets-of-heaven.org\/es\/wp-json\/wp\/v2\/media?parent=2164"}],"curies":[{"name":"wp","href":"https:\/\/api.w.org\/{rel}","templated":true}]}}