{"id":1676,"date":"2021-03-31T16:16:07","date_gmt":"2021-03-31T16:16:07","guid":{"rendered":"https:\/\/secrets-of-heaven.org\/secret-152\/"},"modified":"2021-04-26T19:28:39","modified_gmt":"2021-04-26T19:28:39","slug":"secret-152","status":"publish","type":"page","link":"https:\/\/secrets-of-heaven.org\/nl\/secret-152\/","title":{"rendered":"Geheim 152"},"content":{"rendered":"\r\n<p class=\"has-drop-cap\">Je moet een persoon worden met \u00e9\u00e9n doel en \u00e9\u00e9n enkele referentie in jezelf. Dit is het wezen van genezing. Genezing is niet alleen het herstel van lichaamsfuncties of het tot rust brengen van emotionele verstoringen. Zolang je geest verdeeld is ben je ziek en heb je genezing nodig, ongeacht welke procedure je voor jezelf kiest. <\/p>\r\n\r\n\r\n\r\n\r\n<figure class=\"wp-block-table is-style-stripes\"><table><tbody><tr><td width=33% class=\"has-text-align-center\" data-align=\"center\"><a class=\"arrow previous\" href=\"\/nl\/secret-151\">&nbsp;&nbsp;&nbsp;&nbsp;&nbsp;&nbsp;&nbsp;<\/a><\/td><td width=33% class=\"has-text-align-center\" data-align=\"center\"><a href=\"..\/\">Home<\/a><\/td><td class=\"has-text-align-center\" data-align=\"center\"><a class=\"arrow next\" href=\"\/nl\/secret-153\">&nbsp;&nbsp;&nbsp;&nbsp;&nbsp;&nbsp;&nbsp;<\/a><\/td><\/tr>\r\n<tr><td width=33% class=\"has-text-align-center\" data-align=\"center\">Vorige<\/td><td><\/td><td class=\"has-text-align-center\" data-align=\"center\">Volgende<\/td><\/tr><\/tbody><\/table><\/figure>\r\n\r\n","protected":false},"excerpt":{"rendered":"<p>Je moet een persoon worden met \u00e9\u00e9n doel en \u00e9\u00e9n enkele referentie in jezelf. Dit is het wezen van genezing. Genezing is niet alleen het herstel van lichaamsfuncties of het tot rust brengen van emotionele verstoringen. Zolang je geest verdeeld is ben je ziek en heb je genezing nodig, ongeacht welke procedure je voor jezelf&hellip; <a class=\"more-link\" href=\"https:\/\/secrets-of-heaven.org\/nl\/secret-152\/\">Lees verder <span class=\"screen-reader-text\">Geheim 152<\/span><\/a><\/p>\n","protected":false},"author":1,"featured_media":1251,"parent":0,"menu_order":0,"comment_status":"open","ping_status":"closed","template":"","meta":{"footnotes":""},"class_list":["post-1676","page","type-page","status-publish","has-post-thumbnail","hentry","entry"],"yoast_head":"<!-- This site is optimized with the Yoast SEO plugin v27.4 - https:\/\/yoast.com\/product\/yoast-seo-wordpress\/ -->\n<title>Geheim 152 - Geheimen van de Hemel<\/title>\n<meta name=\"description\" content=\"Geheim 152 van Secrets of Heaven is het begin van een directe communicatie van God naar het hart van de schepping in ieder van ons. Ontvangen door Marshall Summers.\" \/>\n<meta name=\"robots\" content=\"index, follow, max-snippet:-1, max-image-preview:large, max-video-preview:-1\" \/>\n<link rel=\"canonical\" href=\"https:\/\/secrets-of-heaven.org\/nl\/secret-152\/\" \/>\n<meta property=\"og:locale\" content=\"nl_NL\" \/>\n<meta property=\"og:type\" content=\"article\" \/>\n<meta property=\"og:title\" content=\"Geheim 152 - Geheimen van de Hemel\" \/>\n<meta property=\"og:description\" content=\"Geheim 152 van Secrets of Heaven is het begin van een directe communicatie van God naar het hart van de schepping in ieder van ons. Ontvangen door Marshall Summers.\" \/>\n<meta property=\"og:url\" content=\"https:\/\/secrets-of-heaven.org\/nl\/secret-152\/\" \/>\n<meta property=\"og:site_name\" content=\"Geheimen van de Hemel\" \/>\n<meta property=\"article:modified_time\" content=\"2021-04-26T19:28:39+00:00\" \/>\n<meta property=\"og:image\" content=\"https:\/\/secrets-of-heaven.org\/wp-content\/uploads\/2021\/03\/secrets-of-heaven.jpg\" \/>\n\t<meta property=\"og:image:width\" content=\"626\" \/>\n\t<meta property=\"og:image:height\" content=\"1000\" \/>\n\t<meta property=\"og:image:type\" content=\"image\/jpeg\" \/>\n<meta name=\"twitter:card\" content=\"summary_large_image\" \/>\n<meta name=\"twitter:image\" content=\"https:\/\/secrets-of-heaven.org\/wp-content\/uploads\/2021\/03\/secrets-of-heaven.jpg\" \/>\n<meta name=\"twitter:label1\" content=\"Geschatte leestijd\" \/>\n\t<meta name=\"twitter:data1\" content=\"1 minuut\" \/>\n<script type=\"application\/ld+json\" class=\"yoast-schema-graph\">{\"@context\":\"https:\\\/\\\/schema.org\",\"@graph\":[{\"@type\":\"WebPage\",\"@id\":\"https:\\\/\\\/secrets-of-heaven.org\\\/nl\\\/secret-152\\\/\",\"url\":\"https:\\\/\\\/secrets-of-heaven.org\\\/nl\\\/secret-152\\\/\",\"name\":\"Geheim 152 - Geheimen van de Hemel\",\"isPartOf\":{\"@id\":\"https:\\\/\\\/secrets-of-heaven.org\\\/nl\\\/#website\"},\"primaryImageOfPage\":{\"@id\":\"https:\\\/\\\/secrets-of-heaven.org\\\/nl\\\/secret-152\\\/#primaryimage\"},\"image\":{\"@id\":\"https:\\\/\\\/secrets-of-heaven.org\\\/nl\\\/secret-152\\\/#primaryimage\"},\"thumbnailUrl\":\"https:\\\/\\\/secrets-of-heaven.org\\\/wp-content\\\/uploads\\\/2021\\\/03\\\/header-w-diamond-orange.jpg\",\"datePublished\":\"2021-03-31T16:16:07+00:00\",\"dateModified\":\"2021-04-26T19:28:39+00:00\",\"description\":\"Geheim 152 van Secrets of Heaven is het begin van een directe communicatie van God naar het hart van de schepping in ieder van ons. Ontvangen door Marshall Summers.\",\"breadcrumb\":{\"@id\":\"https:\\\/\\\/secrets-of-heaven.org\\\/nl\\\/secret-152\\\/#breadcrumb\"},\"inLanguage\":\"nl-NL\",\"potentialAction\":[{\"@type\":\"ReadAction\",\"target\":[\"https:\\\/\\\/secrets-of-heaven.org\\\/nl\\\/secret-152\\\/\"]}]},{\"@type\":\"ImageObject\",\"inLanguage\":\"nl-NL\",\"@id\":\"https:\\\/\\\/secrets-of-heaven.org\\\/nl\\\/secret-152\\\/#primaryimage\",\"url\":\"https:\\\/\\\/secrets-of-heaven.org\\\/wp-content\\\/uploads\\\/2021\\\/03\\\/header-w-diamond-orange.jpg\",\"contentUrl\":\"https:\\\/\\\/secrets-of-heaven.org\\\/wp-content\\\/uploads\\\/2021\\\/03\\\/header-w-diamond-orange.jpg\",\"width\":1058,\"height\":79},{\"@type\":\"BreadcrumbList\",\"@id\":\"https:\\\/\\\/secrets-of-heaven.org\\\/nl\\\/secret-152\\\/#breadcrumb\",\"itemListElement\":[{\"@type\":\"ListItem\",\"position\":1,\"name\":\"Home\",\"item\":\"https:\\\/\\\/secrets-of-heaven.org\\\/nl\\\/\"},{\"@type\":\"ListItem\",\"position\":2,\"name\":\"Geheim 152\"}]},{\"@type\":\"WebSite\",\"@id\":\"https:\\\/\\\/secrets-of-heaven.org\\\/nl\\\/#website\",\"url\":\"https:\\\/\\\/secrets-of-heaven.org\\\/nl\\\/\",\"name\":\"Geheimen van de Hemel\",\"description\":\"mysterie leer van de engelen\",\"publisher\":{\"@id\":\"https:\\\/\\\/secrets-of-heaven.org\\\/nl\\\/#organization\"},\"potentialAction\":[{\"@type\":\"SearchAction\",\"target\":{\"@type\":\"EntryPoint\",\"urlTemplate\":\"https:\\\/\\\/secrets-of-heaven.org\\\/nl\\\/?s={search_term_string}\"},\"query-input\":{\"@type\":\"PropertyValueSpecification\",\"valueRequired\":true,\"valueName\":\"search_term_string\"}}],\"inLanguage\":\"nl-NL\"},{\"@type\":\"Organization\",\"@id\":\"https:\\\/\\\/secrets-of-heaven.org\\\/nl\\\/#organization\",\"name\":\"Geheimen van de Hemel\",\"url\":\"https:\\\/\\\/secrets-of-heaven.org\\\/nl\\\/\",\"logo\":{\"@type\":\"ImageObject\",\"inLanguage\":\"nl-NL\",\"@id\":\"https:\\\/\\\/secrets-of-heaven.org\\\/nl\\\/#\\\/schema\\\/logo\\\/image\\\/\",\"url\":\"https:\\\/\\\/secrets-of-heaven.org\\\/wp-content\\\/uploads\\\/2021\\\/03\\\/secrets-twitter.png\",\"contentUrl\":\"https:\\\/\\\/secrets-of-heaven.org\\\/wp-content\\\/uploads\\\/2021\\\/03\\\/secrets-twitter.png\",\"width\":1158,\"height\":682,\"caption\":\"Geheimen van de Hemel\"},\"image\":{\"@id\":\"https:\\\/\\\/secrets-of-heaven.org\\\/nl\\\/#\\\/schema\\\/logo\\\/image\\\/\"}}]}<\/script>\n<!-- \/ Yoast SEO plugin. -->","yoast_head_json":{"title":"Geheim 152 - Geheimen van de Hemel","description":"Geheim 152 van Secrets of Heaven is het begin van een directe communicatie van God naar het hart van de schepping in ieder van ons. Ontvangen door Marshall Summers.","robots":{"index":"index","follow":"follow","max-snippet":"max-snippet:-1","max-image-preview":"max-image-preview:large","max-video-preview":"max-video-preview:-1"},"canonical":"https:\/\/secrets-of-heaven.org\/nl\/secret-152\/","og_locale":"nl_NL","og_type":"article","og_title":"Geheim 152 - Geheimen van de Hemel","og_description":"Geheim 152 van Secrets of Heaven is het begin van een directe communicatie van God naar het hart van de schepping in ieder van ons. Ontvangen door Marshall Summers.","og_url":"https:\/\/secrets-of-heaven.org\/nl\/secret-152\/","og_site_name":"Geheimen van de Hemel","article_modified_time":"2021-04-26T19:28:39+00:00","og_image":[{"width":626,"height":1000,"url":"https:\/\/secrets-of-heaven.org\/wp-content\/uploads\/2021\/03\/secrets-of-heaven.jpg","type":"image\/jpeg"}],"twitter_card":"summary_large_image","twitter_image":"https:\/\/secrets-of-heaven.org\/wp-content\/uploads\/2021\/03\/secrets-of-heaven.jpg","twitter_misc":{"Geschatte leestijd":"1 minuut"},"schema":{"@context":"https:\/\/schema.org","@graph":[{"@type":"WebPage","@id":"https:\/\/secrets-of-heaven.org\/nl\/secret-152\/","url":"https:\/\/secrets-of-heaven.org\/nl\/secret-152\/","name":"Geheim 152 - Geheimen van de Hemel","isPartOf":{"@id":"https:\/\/secrets-of-heaven.org\/nl\/#website"},"primaryImageOfPage":{"@id":"https:\/\/secrets-of-heaven.org\/nl\/secret-152\/#primaryimage"},"image":{"@id":"https:\/\/secrets-of-heaven.org\/nl\/secret-152\/#primaryimage"},"thumbnailUrl":"https:\/\/secrets-of-heaven.org\/wp-content\/uploads\/2021\/03\/header-w-diamond-orange.jpg","datePublished":"2021-03-31T16:16:07+00:00","dateModified":"2021-04-26T19:28:39+00:00","description":"Geheim 152 van Secrets of Heaven is het begin van een directe communicatie van God naar het hart van de schepping in ieder van ons. Ontvangen door Marshall Summers.","breadcrumb":{"@id":"https:\/\/secrets-of-heaven.org\/nl\/secret-152\/#breadcrumb"},"inLanguage":"nl-NL","potentialAction":[{"@type":"ReadAction","target":["https:\/\/secrets-of-heaven.org\/nl\/secret-152\/"]}]},{"@type":"ImageObject","inLanguage":"nl-NL","@id":"https:\/\/secrets-of-heaven.org\/nl\/secret-152\/#primaryimage","url":"https:\/\/secrets-of-heaven.org\/wp-content\/uploads\/2021\/03\/header-w-diamond-orange.jpg","contentUrl":"https:\/\/secrets-of-heaven.org\/wp-content\/uploads\/2021\/03\/header-w-diamond-orange.jpg","width":1058,"height":79},{"@type":"BreadcrumbList","@id":"https:\/\/secrets-of-heaven.org\/nl\/secret-152\/#breadcrumb","itemListElement":[{"@type":"ListItem","position":1,"name":"Home","item":"https:\/\/secrets-of-heaven.org\/nl\/"},{"@type":"ListItem","position":2,"name":"Geheim 152"}]},{"@type":"WebSite","@id":"https:\/\/secrets-of-heaven.org\/nl\/#website","url":"https:\/\/secrets-of-heaven.org\/nl\/","name":"Geheimen van de Hemel","description":"mysterie leer van de engelen","publisher":{"@id":"https:\/\/secrets-of-heaven.org\/nl\/#organization"},"potentialAction":[{"@type":"SearchAction","target":{"@type":"EntryPoint","urlTemplate":"https:\/\/secrets-of-heaven.org\/nl\/?s={search_term_string}"},"query-input":{"@type":"PropertyValueSpecification","valueRequired":true,"valueName":"search_term_string"}}],"inLanguage":"nl-NL"},{"@type":"Organization","@id":"https:\/\/secrets-of-heaven.org\/nl\/#organization","name":"Geheimen van de Hemel","url":"https:\/\/secrets-of-heaven.org\/nl\/","logo":{"@type":"ImageObject","inLanguage":"nl-NL","@id":"https:\/\/secrets-of-heaven.org\/nl\/#\/schema\/logo\/image\/","url":"https:\/\/secrets-of-heaven.org\/wp-content\/uploads\/2021\/03\/secrets-twitter.png","contentUrl":"https:\/\/secrets-of-heaven.org\/wp-content\/uploads\/2021\/03\/secrets-twitter.png","width":1158,"height":682,"caption":"Geheimen van de Hemel"},"image":{"@id":"https:\/\/secrets-of-heaven.org\/nl\/#\/schema\/logo\/image\/"}}]}},"_links":{"self":[{"href":"https:\/\/secrets-of-heaven.org\/nl\/wp-json\/wp\/v2\/pages\/1676","targetHints":{"allow":["GET"]}}],"collection":[{"href":"https:\/\/secrets-of-heaven.org\/nl\/wp-json\/wp\/v2\/pages"}],"about":[{"href":"https:\/\/secrets-of-heaven.org\/nl\/wp-json\/wp\/v2\/types\/page"}],"author":[{"embeddable":true,"href":"https:\/\/secrets-of-heaven.org\/nl\/wp-json\/wp\/v2\/users\/1"}],"replies":[{"embeddable":true,"href":"https:\/\/secrets-of-heaven.org\/nl\/wp-json\/wp\/v2\/comments?post=1676"}],"version-history":[{"count":1,"href":"https:\/\/secrets-of-heaven.org\/nl\/wp-json\/wp\/v2\/pages\/1676\/revisions"}],"predecessor-version":[{"id":1677,"href":"https:\/\/secrets-of-heaven.org\/nl\/wp-json\/wp\/v2\/pages\/1676\/revisions\/1677"}],"wp:featuredmedia":[{"embeddable":true,"href":"https:\/\/secrets-of-heaven.org\/nl\/wp-json\/wp\/v2\/media\/1251"}],"wp:attachment":[{"href":"https:\/\/secrets-of-heaven.org\/nl\/wp-json\/wp\/v2\/media?parent=1676"}],"curies":[{"name":"wp","href":"https:\/\/api.w.org\/{rel}","templated":true}]}}